{"id":510,"date":"2026-03-26T14:36:11","date_gmt":"2026-03-26T13:36:11","guid":{"rendered":"https:\/\/jasaba.pl\/?page_id=510"},"modified":"2026-03-26T15:02:56","modified_gmt":"2026-03-26T14:02:56","slug":"ochrona-danych-osobowych","status":"publish","type":"page","link":"https:\/\/jasaba.pl\/?page_id=510","title":{"rendered":"Ochrona danych osobowych"},"content":{"rendered":"\t\t<div data-elementor-type=\"wp-page\" data-elementor-id=\"510\" class=\"elementor elementor-510\">\n\t\t\t\t<div class=\"elementor-element elementor-element-5253a9b e-flex e-con-boxed e-con e-parent\" data-id=\"5253a9b\" data-element_type=\"container\" data-e-type=\"container\" data-settings=\"{&quot;background_background&quot;:&quot;classic&quot;}\">\n\t\t\t\t\t<div class=\"e-con-inner\">\n\t\t\t\t<div class=\"elementor-element elementor-element-f8469d6 elementor-widget elementor-widget-heading\" data-id=\"f8469d6\" data-element_type=\"widget\" data-e-type=\"widget\" data-widget_type=\"heading.default\">\n\t\t\t\t\t<h2 class=\"elementor-heading-title elementor-size-default\">Ochrona danych osobowych<\/h2>\t\t\t\t<\/div>\n\t\t\t\t<div class=\"elementor-element elementor-element-45d8c1d elementor-widget elementor-widget-text-editor\" data-id=\"45d8c1d\" data-element_type=\"widget\" data-e-type=\"widget\" data-widget_type=\"text-editor.default\">\n\t\t\t\t\t\t\t\t\t<p>W naszej hodowli przywi\u0105zujemy du\u017c\u0105 wag\u0119 do poszanowania prywatno\u015bci os\u00f3b odwiedzaj\u0105cych stron\u0119 internetow\u0105 oraz kontaktuj\u0105cych si\u0119 z nami w sprawie szczeni\u0105t, planowanych miot\u00f3w i dzia\u0142alno\u015bci hodowli.<\/p><p><br><\/p><p>Dane osobowe przekazywane nam za po\u015brednictwem formularza kontaktowego, wiadomo\u015bci e-mail lub kontaktu telefonicznego wykorzystujemy wy\u0142\u0105cznie w celu udzielenia odpowiedzi, przedstawienia informacji o hodowli oraz om\u00f3wienia szczeg\u00f3\u0142\u00f3w zwi\u0105zanych z rezerwacj\u0105 lub zakupem szczeni\u0119cia.<\/p><p><br><\/p><p>Przetwarzamy wy\u0142\u0105cznie dane podane dobrowolnie przez u\u017cytkownika, takie jak imi\u0119, adres e-mail, numer telefonu czy tre\u015b\u0107 wiadomo\u015bci. Nie przekazujemy tych danych osobom trzecim, chyba \u017ce wymagaj\u0105 tego obowi\u0105zuj\u0105ce przepisy prawa.<\/p><p><br><\/p><p>Dok\u0142adamy wszelkich stara\u0144, aby przekazane nam informacje by\u0142y odpowiednio chronione i wykorzystywane wy\u0142\u0105cznie w zakresie niezb\u0119dnym do kontaktu z zainteresowanymi osobami.<\/p><p><br><\/p><p>Ka\u017cda osoba, kt\u00f3ra przekaza\u0142a nam swoje dane, ma prawo do wgl\u0105du w ich tre\u015b\u0107, poprawienia ich, ograniczenia przetwarzania lub pro\u015bby o ich usuni\u0119cie.<\/p><p><br><\/p><p>W razie pyta\u0144 dotycz\u0105cych ochrony danych osobowych prosimy o kontakt bezpo\u015bredni za po\u015brednictwem danych dost\u0119pnych w zak\u0142adce Kontakt.<\/p>\t\t\t\t\t\t\t\t<\/div>\n\t\t\t\t<div class=\"elementor-element elementor-element-a4a0998 elementor-align-center elementor-widget elementor-widget-button\" data-id=\"a4a0998\" data-element_type=\"widget\" data-e-type=\"widget\" data-widget_type=\"button.default\">\n\t\t\t\t\t\t\t\t\t\t<a class=\"elementor-button elementor-button-link elementor-size-sm\" href=\"\/\">\n\t\t\t\t\t\t<span class=\"elementor-button-content-wrapper\">\n\t\t\t\t\t\t\t\t\t<span class=\"elementor-button-text\">Powr\u00f3t do strony g\u0142\u00f3wnej<\/span>\n\t\t\t\t\t<\/span>\n\t\t\t\t\t<\/a>\n\t\t\t\t\t\t\t\t<\/div>\n\t\t\t\t\t<\/div>\n\t\t\t\t<\/div>\n\t\t\t\t<\/div>\n\t\t","protected":false},"excerpt":{"rendered":"<p>Ochrona danych osobowych W naszej hodowli przywi\u0105zujemy du\u017c\u0105 wag\u0119 do poszanowania prywatno\u015bci os\u00f3b odwiedzaj\u0105cych stron\u0119 internetow\u0105 oraz kontaktuj\u0105cych si\u0119 z nami w sprawie szczeni\u0105t, planowanych miot\u00f3w i dzia\u0142alno\u015bci hodowli. Dane osobowe przekazywane nam za po\u015brednictwem formularza kontaktowego, wiadomo\u015bci e-mail lub kontaktu telefonicznego wykorzystujemy wy\u0142\u0105cznie w celu udzielenia odpowiedzi, przedstawienia informacji o hodowli oraz om\u00f3wienia szczeg\u00f3\u0142\u00f3w [&hellip;]<\/p>\n","protected":false},"author":1,"featured_media":0,"parent":0,"menu_order":0,"comment_status":"closed","ping_status":"closed","template":"","meta":{"footnotes":""},"class_list":["post-510","page","type-page","status-publish","hentry"],"_links":{"self":[{"href":"https:\/\/jasaba.pl\/index.php?rest_route=\/wp\/v2\/pages\/510","targetHints":{"allow":["GET"]}}],"collection":[{"href":"https:\/\/jasaba.pl\/index.php?rest_route=\/wp\/v2\/pages"}],"about":[{"href":"https:\/\/jasaba.pl\/index.php?rest_route=\/wp\/v2\/types\/page"}],"author":[{"embeddable":true,"href":"https:\/\/jasaba.pl\/index.php?rest_route=\/wp\/v2\/users\/1"}],"replies":[{"embeddable":true,"href":"https:\/\/jasaba.pl\/index.php?rest_route=%2Fwp%2Fv2%2Fcomments&post=510"}],"version-history":[{"count":10,"href":"https:\/\/jasaba.pl\/index.php?rest_route=\/wp\/v2\/pages\/510\/revisions"}],"predecessor-version":[{"id":531,"href":"https:\/\/jasaba.pl\/index.php?rest_route=\/wp\/v2\/pages\/510\/revisions\/531"}],"wp:attachment":[{"href":"https:\/\/jasaba.pl\/index.php?rest_route=%2Fwp%2Fv2%2Fmedia&parent=510"}],"curies":[{"name":"wp","href":"https:\/\/api.w.org\/{rel}","templated":true}]}}