{"id":512,"date":"2026-03-26T14:36:33","date_gmt":"2026-03-26T13:36:33","guid":{"rendered":"https:\/\/jasaba.pl\/?page_id=512"},"modified":"2026-03-26T15:10:26","modified_gmt":"2026-03-26T14:10:26","slug":"zasady-rezerwacji-i-zakupu-psa","status":"publish","type":"page","link":"https:\/\/jasaba.pl\/?page_id=512","title":{"rendered":"Zasady rezerwacji i zakupu psa"},"content":{"rendered":"\t\t<div data-elementor-type=\"wp-page\" data-elementor-id=\"512\" class=\"elementor elementor-512\">\n\t\t\t\t<div class=\"elementor-element elementor-element-d4802a5 e-flex e-con-boxed e-con e-parent\" data-id=\"d4802a5\" data-element_type=\"container\" data-e-type=\"container\" data-settings=\"{&quot;background_background&quot;:&quot;classic&quot;}\">\n\t\t\t\t\t<div class=\"e-con-inner\">\n\t\t\t\t<div class=\"elementor-element elementor-element-68b6fce elementor-widget elementor-widget-heading\" data-id=\"68b6fce\" data-element_type=\"widget\" data-e-type=\"widget\" data-widget_type=\"heading.default\">\n\t\t\t\t\t<h2 class=\"elementor-heading-title elementor-size-default\">Zasady rezerwacji i zakupu psa<\/h2>\t\t\t\t<\/div>\n\t\t\t\t<div class=\"elementor-element elementor-element-a9bd381 elementor-widget elementor-widget-text-editor\" data-id=\"a9bd381\" data-element_type=\"widget\" data-e-type=\"widget\" data-widget_type=\"text-editor.default\">\n\t\t\t\t\t\t\t\t\t<p>Naszym celem jest znalezienie dla ka\u017cdego szczeni\u0119cia odpowiedzialnego, \u015bwiadomego i pe\u0142nego troski domu. Zale\u017cy nam nie tylko na samym przekazaniu psa, ale przede wszystkim na tym, aby trafi\u0142 on do os\u00f3b, kt\u00f3re rozumiej\u0105 potrzeby danej rasy i s\u0105 gotowe zapewni\u0107 mu bezpieczne, stabilne oraz kochaj\u0105ce warunki \u017cycia.<\/p><p><br><\/p><p>Osoby zainteresowane rezerwacj\u0105 szczeni\u0119cia zapraszamy do wcze\u015bniejszego kontaktu. Ch\u0119tnie udzielamy informacji o planowanych i aktualnych miotach, charakterze naszych ps\u00f3w oraz warunkach zwi\u0105zanych z rezerwacj\u0105.<\/p><p><br><\/p><p>Rezerwacja mo\u017ce zosta\u0107 potwierdzona po wcze\u015bniejszych ustaleniach oraz, w wybranych przypadkach, po wp\u0142acie zadatku. Szczeg\u00f3\u0142y ustalamy indywidualnie, tak aby ca\u0142y proces by\u0142 jasny i komfortowy dla obu stron.<\/p><p><br><\/p><p>Ka\u017cde szczeni\u0119 opuszcza hodowl\u0119 w odpowiednim wieku, zgodnie z obowi\u0105zuj\u0105cymi zasadami i dobrymi praktykami hodowlanymi. Przed opuszczeniem hodowli jest otoczone troskliw\u0105 opiek\u0105, odpowiednio przygotowane do \u017cycia w nowym domu oraz przekazywane wraz z niezb\u0119dn\u0105 dokumentacj\u0105 i informacjami dla przysz\u0142ego w\u0142a\u015bciciela.<\/p><p><br><\/p><p>Zastrzegamy sobie prawo do odmowy sprzeda\u017cy szczeni\u0119cia, je\u015bli uznamy, \u017ce proponowane warunki nie b\u0119d\u0105 odpowiednie lub nie zapewni\u0105 psu w\u0142a\u015bciwego dobrostanu.<\/p><p><br><\/p><p>W przypadku pyta\u0144 dotycz\u0105cych dost\u0119pno\u015bci szczeni\u0105t, rezerwacji lub warunk\u00f3w zakupu zapraszamy do bezpo\u015bredniego kontaktu. Z przyjemno\u015bci\u0105 udzielimy wszystkich potrzebnych informacji.<\/p>\t\t\t\t\t\t\t\t<\/div>\n\t\t\t\t<div class=\"elementor-element elementor-element-89cebfd elementor-align-center elementor-widget elementor-widget-button\" data-id=\"89cebfd\" data-element_type=\"widget\" data-e-type=\"widget\" data-widget_type=\"button.default\">\n\t\t\t\t\t\t\t\t\t\t<a class=\"elementor-button elementor-button-link elementor-size-sm\" href=\"\/\">\n\t\t\t\t\t\t<span class=\"elementor-button-content-wrapper\">\n\t\t\t\t\t\t\t\t\t<span class=\"elementor-button-text\">Powr\u00f3t do strony g\u0142\u00f3wnej<\/span>\n\t\t\t\t\t<\/span>\n\t\t\t\t\t<\/a>\n\t\t\t\t\t\t\t\t<\/div>\n\t\t\t\t\t<\/div>\n\t\t\t\t<\/div>\n\t\t\t\t<\/div>\n\t\t","protected":false},"excerpt":{"rendered":"<p>Zasady rezerwacji i zakupu psa Naszym celem jest znalezienie dla ka\u017cdego szczeni\u0119cia odpowiedzialnego, \u015bwiadomego i pe\u0142nego troski domu. Zale\u017cy nam nie tylko na samym przekazaniu psa, ale przede wszystkim na tym, aby trafi\u0142 on do os\u00f3b, kt\u00f3re rozumiej\u0105 potrzeby danej rasy i s\u0105 gotowe zapewni\u0107 mu bezpieczne, stabilne oraz kochaj\u0105ce warunki \u017cycia. Osoby zainteresowane rezerwacj\u0105 [&hellip;]<\/p>\n","protected":false},"author":1,"featured_media":0,"parent":0,"menu_order":0,"comment_status":"closed","ping_status":"closed","template":"","meta":{"footnotes":""},"class_list":["post-512","page","type-page","status-publish","hentry"],"_links":{"self":[{"href":"https:\/\/jasaba.pl\/index.php?rest_route=\/wp\/v2\/pages\/512","targetHints":{"allow":["GET"]}}],"collection":[{"href":"https:\/\/jasaba.pl\/index.php?rest_route=\/wp\/v2\/pages"}],"about":[{"href":"https:\/\/jasaba.pl\/index.php?rest_route=\/wp\/v2\/types\/page"}],"author":[{"embeddable":true,"href":"https:\/\/jasaba.pl\/index.php?rest_route=\/wp\/v2\/users\/1"}],"replies":[{"embeddable":true,"href":"https:\/\/jasaba.pl\/index.php?rest_route=%2Fwp%2Fv2%2Fcomments&post=512"}],"version-history":[{"count":7,"href":"https:\/\/jasaba.pl\/index.php?rest_route=\/wp\/v2\/pages\/512\/revisions"}],"predecessor-version":[{"id":540,"href":"https:\/\/jasaba.pl\/index.php?rest_route=\/wp\/v2\/pages\/512\/revisions\/540"}],"wp:attachment":[{"href":"https:\/\/jasaba.pl\/index.php?rest_route=%2Fwp%2Fv2%2Fmedia&parent=512"}],"curies":[{"name":"wp","href":"https:\/\/api.w.org\/{rel}","templated":true}]}}