{"id":63,"date":"2026-03-10T11:40:24","date_gmt":"2026-03-10T10:40:24","guid":{"rendered":"https:\/\/jasaba.pl\/?page_id=63"},"modified":"2026-03-27T10:46:29","modified_gmt":"2026-03-27T09:46:29","slug":"strona-glowna","status":"publish","type":"page","link":"https:\/\/jasaba.pl\/","title":{"rendered":"Strona g\u0142\u00f3wna"},"content":{"rendered":"\t\t<div data-elementor-type=\"wp-page\" data-elementor-id=\"63\" class=\"elementor elementor-63\">\n\t\t\t\t<div class=\"elementor-element elementor-element-114aa6e e-con-full e-grid e-con e-parent\" data-id=\"114aa6e\" data-element_type=\"container\" data-e-type=\"container\" data-settings=\"{&quot;background_background&quot;:&quot;classic&quot;}\">\n\t\t\t\t<div class=\"elementor-element elementor-element-1684e58 elementor-widget elementor-widget-image\" data-id=\"1684e58\" data-element_type=\"widget\" data-e-type=\"widget\" data-widget_type=\"image.default\">\n\t\t\t\t\t\t\t\t\t\t\t\t\t\t\t<img decoding=\"async\" width=\"150\" height=\"150\" src=\"http:\/\/jasaba.pl\/wp-content\/uploads\/2026\/03\/Logo-hodowla-jasaba-FCI-V4-150x150.png\" class=\"attachment-thumbnail size-thumbnail wp-image-403\" alt=\"Logo Jasaba FCI Airedale Terrier Sealyham Terrier Polska\" srcset=\"http:\/\/jasaba.pl\/wp-content\/uploads\/2026\/03\/Logo-hodowla-jasaba-FCI-V4-150x150.png 150w, http:\/\/jasaba.pl\/wp-content\/uploads\/2026\/03\/Logo-hodowla-jasaba-FCI-V4-300x300.png 300w, http:\/\/jasaba.pl\/wp-content\/uploads\/2026\/03\/Logo-hodowla-jasaba-FCI-V4.png 720w\" sizes=\"(max-width: 150px) 100vw, 150px\" \/>\t\t\t\t\t\t\t\t\t\t\t\t\t\t\t<\/div>\n\t\t\t\t<div class=\"elementor-element elementor-element-0e0a2a7 elementor-widget elementor-widget-heading\" data-id=\"0e0a2a7\" data-element_type=\"widget\" data-e-type=\"widget\" data-widget_type=\"heading.default\">\n\t\t\t\t\t<h1 class=\"elementor-heading-title elementor-size-default\"><span style=\"--Ys-XuQ: none\">Hodowla Jasaba FCI<\/span><\/h1>\t\t\t\t<\/div>\n\t\t\t\t<div class=\"elementor-element elementor-element-dd0622c elementor-widget elementor-widget-heading\" data-id=\"dd0622c\" data-element_type=\"widget\" data-e-type=\"widget\" data-widget_type=\"heading.default\">\n\t\t\t\t\t<h2 class=\"elementor-heading-title elementor-size-default\">Zapraszamy do poznania naszej pasji do ps\u00f3w rasy airedale i sealyham terrier! <\/h2>\t\t\t\t<\/div>\n\t\t\t\t<div class=\"elementor-element elementor-element-ea1cc4b elementor-arrows-position-inside elementor-pagination-position-outside elementor-widget elementor-widget-image-carousel\" data-id=\"ea1cc4b\" data-element_type=\"widget\" data-e-type=\"widget\" data-settings=\"{&quot;autoplay_speed&quot;:4000,&quot;navigation&quot;:&quot;both&quot;,&quot;autoplay&quot;:&quot;yes&quot;,&quot;pause_on_hover&quot;:&quot;yes&quot;,&quot;pause_on_interaction&quot;:&quot;yes&quot;,&quot;infinite&quot;:&quot;yes&quot;,&quot;speed&quot;:500}\" data-widget_type=\"image-carousel.default\">\n\t\t\t\t\t\t\t<div class=\"elementor-image-carousel-wrapper swiper\" role=\"region\" aria-roledescription=\"carousel\" aria-label=\"Image Carousel\" dir=\"ltr\">\n\t\t\t<div class=\"elementor-image-carousel swiper-wrapper\" aria-live=\"off\">\n\t\t\t\t\t\t\t\t<div class=\"swiper-slide\" role=\"group\" aria-roledescription=\"slide\" aria-label=\"1 of 5\"><figure class=\"swiper-slide-inner\"><img decoding=\"async\" class=\"swiper-slide-image\" src=\"http:\/\/jasaba.pl\/wp-content\/uploads\/2026\/03\/airedale-sealyham-terrier-szczeniaki-hodowla-jasaba-carousel-3-1024x1024.webp\" alt=\"Szczeni\u0119ta airedale sealyham terrier w hodowli Jasaba FCI\" \/><\/figure><\/div><div class=\"swiper-slide\" role=\"group\" aria-roledescription=\"slide\" aria-label=\"2 of 5\"><figure class=\"swiper-slide-inner\"><img decoding=\"async\" class=\"swiper-slide-image\" src=\"http:\/\/jasaba.pl\/wp-content\/uploads\/2026\/03\/airedale-sealyham-terrier-szczeniaki-hodowla-jasaba-carousel-2-1024x1024.webp\" alt=\"Szczeni\u0119ta airedale sealyham terrier w hodowli Jasaba FCI\" \/><\/figure><\/div><div class=\"swiper-slide\" role=\"group\" aria-roledescription=\"slide\" aria-label=\"3 of 5\"><figure class=\"swiper-slide-inner\"><img decoding=\"async\" class=\"swiper-slide-image\" src=\"http:\/\/jasaba.pl\/wp-content\/uploads\/2026\/03\/airedale-sealyham-terrier-szczeniaki-hodowla-jasaba-carousel-5-1024x1024.webp\" alt=\"Szczeni\u0119ta airedale sealyham terrier w hodowli Jasaba FCI\" \/><\/figure><\/div><div class=\"swiper-slide\" role=\"group\" aria-roledescription=\"slide\" aria-label=\"4 of 5\"><figure class=\"swiper-slide-inner\"><img decoding=\"async\" class=\"swiper-slide-image\" src=\"http:\/\/jasaba.pl\/wp-content\/uploads\/2026\/03\/airedale-sealyham-terrier-szczeniaki-hodowla-jasaba-carousel-1-1024x1024.webp\" alt=\"Szczeni\u0119ta airedale sealyham terrier w hodowli Jasaba FCI\" \/><\/figure><\/div><div class=\"swiper-slide\" role=\"group\" aria-roledescription=\"slide\" aria-label=\"5 of 5\"><figure class=\"swiper-slide-inner\"><img decoding=\"async\" class=\"swiper-slide-image\" src=\"http:\/\/jasaba.pl\/wp-content\/uploads\/2026\/03\/airedale-sealyham-terrier-szczeniaki-hodowla-jasaba-carousel-4-1024x1024.webp\" alt=\"Szczeni\u0119ta airedale sealyham terrier w hodowli Jasaba FCI\" \/><\/figure><\/div>\t\t\t<\/div>\n\t\t\t\t\t\t\t\t\t\t\t\t<div class=\"elementor-swiper-button elementor-swiper-button-prev\" role=\"button\" tabindex=\"0\">\n\t\t\t\t\t\t<svg aria-hidden=\"true\" class=\"e-font-icon-svg e-eicon-chevron-left\" viewBox=\"0 0 1000 1000\" xmlns=\"http:\/\/www.w3.org\/2000\/svg\"><path d=\"M646 125C629 125 613 133 604 142L308 442C296 454 292 471 292 487 292 504 296 521 308 533L604 854C617 867 629 875 646 875 663 875 679 871 692 858 704 846 713 829 713 812 713 796 708 779 692 767L438 487 692 225C700 217 708 204 708 187 708 171 704 154 692 142 675 129 663 125 646 125Z\"><\/path><\/svg>\t\t\t\t\t<\/div>\n\t\t\t\t\t<div class=\"elementor-swiper-button elementor-swiper-button-next\" role=\"button\" tabindex=\"0\">\n\t\t\t\t\t\t<svg aria-hidden=\"true\" class=\"e-font-icon-svg e-eicon-chevron-right\" viewBox=\"0 0 1000 1000\" xmlns=\"http:\/\/www.w3.org\/2000\/svg\"><path d=\"M696 533C708 521 713 504 713 487 713 471 708 454 696 446L400 146C388 133 375 125 354 125 338 125 325 129 313 142 300 154 292 171 292 187 292 204 296 221 308 233L563 492 304 771C292 783 288 800 288 817 288 833 296 850 308 863 321 871 338 875 354 875 371 875 388 867 400 854L696 533Z\"><\/path><\/svg>\t\t\t\t\t<\/div>\n\t\t\t\t\n\t\t\t\t\t\t\t\t\t<div class=\"swiper-pagination\"><\/div>\n\t\t\t\t\t\t\t\t\t<\/div>\n\t\t\t\t\t\t<\/div>\n\t\t\t\t<\/div>\n\t\t<div class=\"elementor-element elementor-element-7b423e0 e-flex e-con-boxed e-con e-parent\" data-id=\"7b423e0\" data-element_type=\"container\" data-e-type=\"container\" data-settings=\"{&quot;background_background&quot;:&quot;classic&quot;}\">\n\t\t\t\t\t<div class=\"e-con-inner\">\n\t\t<div class=\"elementor-element elementor-element-0234b81 e-con-full e-flex e-con e-child\" data-id=\"0234b81\" data-element_type=\"container\" data-e-type=\"container\">\n\t\t\t\t<div class=\"elementor-element elementor-element-cf6a720 elementor-widget elementor-widget-heading\" data-id=\"cf6a720\" data-element_type=\"widget\" data-e-type=\"widget\" data-widget_type=\"heading.default\">\n\t\t\t\t\t<h2 class=\"elementor-heading-title elementor-size-default\">O NAS<\/h2>\t\t\t\t<\/div>\n\t\t\t\t<\/div>\n\t\t<div class=\"elementor-element elementor-element-26e6f59 e-con-full e-flex e-con e-child\" data-id=\"26e6f59\" data-element_type=\"container\" data-e-type=\"container\">\n\t\t\t\t<div class=\"elementor-element elementor-element-9ed1410 elementor-widget elementor-widget-text-editor\" data-id=\"9ed1410\" data-element_type=\"widget\" data-e-type=\"widget\" data-widget_type=\"text-editor.default\">\n\t\t\t\t\t\t\t\t\t<p>Hodowla Jasaba FCI to ma\u0142a, rodzinna hodowla airedale i sealyham terrier\u00f3w, po\u0142o\u017cona w Gda\u0144sku. Dzi\u0119ki g\u0142\u0119bokiej pasji do tych ras i d\u0105\u017ceniu do doskona\u0142o\u015bci, z dum\u0105 wychowujemy nasze airedale terriery w ciep\u0142ym, pe\u0142nym mi\u0142o\u015bci \u015brodowisku, kt\u00f3re sprawia, \u017ce dorastaj\u0105 na dobrze u\u0142o\u017conych, wiernych towarzyszy.<\/p>\t\t\t\t\t\t\t\t<\/div>\n\t\t\t\t<\/div>\n\t\t\t\t\t<\/div>\n\t\t\t\t<\/div>\n\t\t<div class=\"elementor-element elementor-element-bc5fc32 e-con-full e-flex e-con e-parent\" data-id=\"bc5fc32\" data-element_type=\"container\" data-e-type=\"container\" data-settings=\"{&quot;background_background&quot;:&quot;classic&quot;}\">\n\t\t<div class=\"elementor-element elementor-element-34103a3 e-con-full e-flex e-con e-child\" data-id=\"34103a3\" data-element_type=\"container\" data-e-type=\"container\">\n\t\t\t\t<div class=\"elementor-element elementor-element-9e351ff elementor-widget elementor-widget-image\" data-id=\"9e351ff\" data-element_type=\"widget\" data-e-type=\"widget\" data-widget_type=\"image.default\">\n\t\t\t\t\t\t\t\t\t\t\t\t\t\t\t<img fetchpriority=\"high\" decoding=\"async\" width=\"2048\" height=\"1150\" src=\"http:\/\/jasaba.pl\/wp-content\/uploads\/2026\/03\/airedale-sealyham-terrier-jasaba-hodowla.jpg\" class=\"attachment-full size-full wp-image-361\" alt=\"Szczeni\u0119ta z airedale i sealyham hodowla Jasaba FCI\" srcset=\"http:\/\/jasaba.pl\/wp-content\/uploads\/2026\/03\/airedale-sealyham-terrier-jasaba-hodowla.jpg 2048w, http:\/\/jasaba.pl\/wp-content\/uploads\/2026\/03\/airedale-sealyham-terrier-jasaba-hodowla-300x168.jpg 300w, http:\/\/jasaba.pl\/wp-content\/uploads\/2026\/03\/airedale-sealyham-terrier-jasaba-hodowla-1024x575.jpg 1024w, http:\/\/jasaba.pl\/wp-content\/uploads\/2026\/03\/airedale-sealyham-terrier-jasaba-hodowla-768x431.jpg 768w, http:\/\/jasaba.pl\/wp-content\/uploads\/2026\/03\/airedale-sealyham-terrier-jasaba-hodowla-1536x863.jpg 1536w\" sizes=\"(max-width: 2048px) 100vw, 2048px\" \/>\t\t\t\t\t\t\t\t\t\t\t\t\t\t\t<\/div>\n\t\t\t\t<\/div>\n\t\t\t\t<\/div>\n\t\t<div class=\"elementor-element elementor-element-82c63c5 e-con-full e-flex e-con e-parent\" data-id=\"82c63c5\" data-element_type=\"container\" data-e-type=\"container\" data-settings=\"{&quot;background_background&quot;:&quot;classic&quot;}\">\n\t\t<div class=\"elementor-element elementor-element-0a8cfa3 e-con-full e-flex e-con e-child\" data-id=\"0a8cfa3\" data-element_type=\"container\" data-e-type=\"container\">\n\t\t\t\t<div class=\"elementor-element elementor-element-24cbe25 elementor-widget__width-inherit elementor-widget elementor-widget-image\" data-id=\"24cbe25\" data-element_type=\"widget\" data-e-type=\"widget\" data-widget_type=\"image.default\">\n\t\t\t\t\t\t\t\t\t\t\t\t\t\t\t<img decoding=\"async\" width=\"800\" height=\"800\" src=\"http:\/\/jasaba.pl\/wp-content\/uploads\/2026\/03\/airedale-terrier-malwa-szczenieta-jasaba.webp\" class=\"attachment-large size-large wp-image-352\" alt=\"Szczeni\u0119ta z mam\u0105 w hodowli Jasaba FCI\" srcset=\"http:\/\/jasaba.pl\/wp-content\/uploads\/2026\/03\/airedale-terrier-malwa-szczenieta-jasaba.webp 1024w, http:\/\/jasaba.pl\/wp-content\/uploads\/2026\/03\/airedale-terrier-malwa-szczenieta-jasaba-300x300.webp 300w, http:\/\/jasaba.pl\/wp-content\/uploads\/2026\/03\/airedale-terrier-malwa-szczenieta-jasaba-150x150.webp 150w, http:\/\/jasaba.pl\/wp-content\/uploads\/2026\/03\/airedale-terrier-malwa-szczenieta-jasaba-768x768.webp 768w\" sizes=\"(max-width: 800px) 100vw, 800px\" \/>\t\t\t\t\t\t\t\t\t\t\t\t\t\t\t<\/div>\n\t\t\t\t<\/div>\n\t\t<div class=\"elementor-element elementor-element-dde2969 e-con-full e-flex e-con e-child\" data-id=\"dde2969\" data-element_type=\"container\" data-e-type=\"container\">\n\t\t\t\t<div class=\"elementor-element elementor-element-d924565 elementor-widget elementor-widget-heading\" data-id=\"d924565\" data-element_type=\"widget\" data-e-type=\"widget\" data-widget_type=\"heading.default\">\n\t\t\t\t\t<h2 class=\"elementor-heading-title elementor-size-default\">MAMY MIOT SZCZENI\u0104T!<\/h2>\t\t\t\t<\/div>\n\t\t\t\t<div class=\"elementor-element elementor-element-f06dff0 elementor-widget__width-initial elementor-widget elementor-widget-text-editor\" data-id=\"f06dff0\" data-element_type=\"widget\" data-e-type=\"widget\" data-widget_type=\"text-editor.default\">\n\t\t\t\t\t\t\t\t\t<p>Z rado\u015bci\u0105 og\u0142aszamy narodziny nowego miotu szczeni\u0105t rasy airedale terrier naszej suczki Malwy! Je\u015bli s\u0105 Pa\u0144stwo zainteresowani powi\u0119kszeniem rodziny o jednego z naszych pi\u0119knych airedale&#8217;i, zach\u0119camy do skontaktowania si\u0119 z nami i rezerwacji szczeni\u0119cia.<\/p>\t\t\t\t\t\t\t\t<\/div>\n\t\t\t\t<\/div>\n\t\t\t\t<\/div>\n\t\t<div class=\"elementor-element elementor-element-d6231ec e-flex e-con-boxed e-con e-parent\" data-id=\"d6231ec\" data-element_type=\"container\" data-e-type=\"container\" data-settings=\"{&quot;background_background&quot;:&quot;classic&quot;}\">\n\t\t\t\t\t<div class=\"e-con-inner\">\n\t\t<div class=\"elementor-element elementor-element-f63897d e-con-full e-flex e-con e-child\" data-id=\"f63897d\" data-element_type=\"container\" data-e-type=\"container\">\n\t\t\t\t<div class=\"elementor-element elementor-element-020f0fa elementor-widget__width-initial elementor-widget elementor-widget-heading\" data-id=\"020f0fa\" data-element_type=\"widget\" data-e-type=\"widget\" data-widget_type=\"heading.default\">\n\t\t\t\t\t<h2 class=\"elementor-heading-title elementor-size-default\">DLACZEGO WYBRA\u0106 <br>JASABA FCI?<\/h2>\t\t\t\t<\/div>\n\t\t\t\t<div class=\"elementor-element elementor-element-0ea61e8 elementor-widget elementor-widget-heading\" data-id=\"0ea61e8\" data-element_type=\"widget\" data-e-type=\"widget\" data-widget_type=\"heading.default\">\n\t\t\t\t\t<h3 class=\"elementor-heading-title elementor-size-default\">Gwarancja zdrowia<\/h3>\t\t\t\t<\/div>\n\t\t\t\t<div class=\"elementor-element elementor-element-3fb828e elementor-widget elementor-widget-text-editor\" data-id=\"3fb828e\" data-element_type=\"widget\" data-e-type=\"widget\" data-widget_type=\"text-editor.default\">\n\t\t\t\t\t\t\t\t\t<p>Dbamy o zdrowie i dobre samopoczucie naszych szczeni\u0105t. Ka\u017cde szczeni\u0119 airedale terriera i sealyham terrierra w Jasaba jest w pe\u0142ni zaszczepione, odrobaczone i oznakowane chipem. Dla Pa\u0144stwa spokoju oferujemy r\u00f3wnie\u017c roczn\u0105 gwarancj\u0119 zdrowotn\u0105 obejmuj\u0105c\u0105 wykrywalne choroby genetyczne.<\/p>\t\t\t\t\t\t\t\t<\/div>\n\t\t\t\t<div class=\"elementor-element elementor-element-0f4966d elementor-widget elementor-widget-heading\" data-id=\"0f4966d\" data-element_type=\"widget\" data-e-type=\"widget\" data-widget_type=\"heading.default\">\n\t\t\t\t\t<h2 class=\"elementor-heading-title elementor-size-default\">Presti\u017cowy rodow\u00f3d<\/h3><\/h2>\t\t\t\t<\/div>\n\t\t\t\t<div class=\"elementor-element elementor-element-12985c7 elementor-widget elementor-widget-text-editor\" data-id=\"12985c7\" data-element_type=\"widget\" data-e-type=\"widget\" data-widget_type=\"text-editor.default\">\n\t\t\t\t\t\t\t\t\t<p>Nasze airedales i sealyhamy mog\u0105 si\u0119 poszczyci\u0107 imponuj\u0105cym pochodzeniem, z liniami champion\u00f3w z Rosji, Anglii i Belgii. Starannie dobieramy pary hodowlane, aby uzyska\u0107 szczeni\u0119ta o wyj\u0105tkowym temperamencie, dobrym zdrowiu oraz silnej, lojalnej osobowo\u015bci.<\/p>\t\t\t\t\t\t\t\t<\/div>\n\t\t\t\t<div class=\"elementor-element elementor-element-0abfa48 elementor-widget elementor-widget-heading\" data-id=\"0abfa48\" data-element_type=\"widget\" data-e-type=\"widget\" data-widget_type=\"heading.default\">\n\t\t\t\t\t<h2 class=\"elementor-heading-title elementor-size-default\">Kompletny pakiet dla szczeni\u0119cia<\/h2>\t\t\t\t<\/div>\n\t\t\t\t<div class=\"elementor-element elementor-element-44116f5 elementor-widget elementor-widget-text-editor\" data-id=\"44116f5\" data-element_type=\"widget\" data-e-type=\"widget\" data-widget_type=\"text-editor.default\">\n\t\t\t\t\t\t\t\t\t<p>Ka\u017cdemu nowemu w\u0142a\u015bcicielowi szczeni\u0119cia przekazujemy szczeg\u00f3\u0142owy poradnik, kt\u00f3ry pomo\u017ce przebrn\u0105\u0107 przez ekscytuj\u0105ce pierwsze tygodnie z nowym cz\u0142onkiem rodziny. Dodatkowo otrzymaj\u0105 Pa\u0144stwo pakiet dla szczeni\u0119cia zawieraj\u0105cy niezb\u0119dne rzeczy, aby u\u0142atwi\u0107 p\u0142ynne wprowadzenie go do domu.<\/p>\t\t\t\t\t\t\t\t<\/div>\n\t\t\t\t<div class=\"elementor-element elementor-element-e744418 elementor-widget elementor-widget-heading\" data-id=\"e744418\" data-element_type=\"widget\" data-e-type=\"widget\" data-widget_type=\"heading.default\">\n\t\t\t\t\t<h2 class=\"elementor-heading-title elementor-size-default\">Odpowiedzialne przekazywanie<\/h2>\t\t\t\t<\/div>\n\t\t\t\t<div class=\"elementor-element elementor-element-dba5f5f elementor-widget elementor-widget-text-editor\" data-id=\"dba5f5f\" data-element_type=\"widget\" data-e-type=\"widget\" data-widget_type=\"text-editor.default\">\n\t\t\t\t\t\t\t\t\t<p>Znalezienie odpowiedniego domu dla naszych szczeni\u0105t to nasz priorytet. Dok\u0142adnie sprawdzamy wszystkich potencjalnych w\u0142a\u015bcicieli, aby mie\u0107 pewno\u015b\u0107, \u017ce nasze airedales i nasze sealyhams trafiaj\u0105 do kochaj\u0105cych, odpowiedzialnych \u015brodowisk, w kt\u00f3rych b\u0119d\u0105 si\u0119 rozwija\u0107. W Jasaba wszystko kr\u0119ci si\u0119 wok\u00f3\u0142 mi\u0142o\u015bci, troski i zapewnienia jak najlepszych warunk\u00f3w dla naszych szczeni\u0105t i ich nowych rodzin.<\/p>\t\t\t\t\t\t\t\t<\/div>\n\t\t\t\t<\/div>\n\t\t\t\t\t<\/div>\n\t\t\t\t<\/div>\n\t\t<div class=\"elementor-element elementor-element-954beb9 e-flex e-con-boxed e-con e-parent\" data-id=\"954beb9\" data-element_type=\"container\" data-e-type=\"container\" data-settings=\"{&quot;background_background&quot;:&quot;classic&quot;}\">\n\t\t\t\t\t<div class=\"e-con-inner\">\n\t\t\t\t<div class=\"elementor-element elementor-element-a244325 elementor-widget elementor-widget-text-editor\" data-id=\"a244325\" data-element_type=\"widget\" data-e-type=\"widget\" data-widget_type=\"text-editor.default\">\n\t\t\t\t\t\t\t\t\t<p>Z niecierpliwo\u015bci\u0105 czekamy, aby pom\u00f3c Pa\u0144stwu znale\u017a\u0107 nowego, wiernego towarzysza!<\/p>\t\t\t\t\t\t\t\t<\/div>\n\t\t\t\t<div class=\"elementor-element elementor-element-7adb993 elementor-widget elementor-widget-button\" data-id=\"7adb993\" data-element_type=\"widget\" data-e-type=\"widget\" data-widget_type=\"button.default\">\n\t\t\t\t\t\t\t\t\t\t<a class=\"elementor-button elementor-button-link elementor-size-sm\" href=\"https:\/\/jasaba.pl\/?page_id=111\">\n\t\t\t\t\t\t<span class=\"elementor-button-content-wrapper\">\n\t\t\t\t\t\t\t\t\t<span class=\"elementor-button-text\">KONTAKT<\/span>\n\t\t\t\t\t<\/span>\n\t\t\t\t\t<\/a>\n\t\t\t\t\t\t\t\t<\/div>\n\t\t\t\t\t<\/div>\n\t\t\t\t<\/div>\n\t\t<div class=\"elementor-element elementor-element-412e93a e-flex e-con-boxed e-con e-parent\" data-id=\"412e93a\" data-element_type=\"container\" data-e-type=\"container\" data-settings=\"{&quot;background_background&quot;:&quot;classic&quot;}\">\n\t\t\t\t\t<div class=\"e-con-inner\">\n\t\t\t\t<div class=\"elementor-element elementor-element-4a3d02e elementor-widget elementor-widget-text-editor\" data-id=\"4a3d02e\" data-element_type=\"widget\" data-e-type=\"widget\" data-widget_type=\"text-editor.default\">\n\t\t\t\t\t\t\t\t\t<p>Zapraszamy do \u015bledzenia nas na Facebooku!<\/p>\t\t\t\t\t\t\t\t<\/div>\n\t\t\t\t<div class=\"elementor-element elementor-element-bc038c1 e-grid-align-right elementor-shape-rounded elementor-grid-0 elementor-widget elementor-widget-social-icons\" data-id=\"bc038c1\" data-element_type=\"widget\" data-e-type=\"widget\" data-widget_type=\"social-icons.default\">\n\t\t\t\t\t\t\t<div class=\"elementor-social-icons-wrapper elementor-grid\">\n\t\t\t\t\t\t\t<span class=\"elementor-grid-item\">\n\t\t\t\t\t<a class=\"elementor-icon elementor-social-icon elementor-social-icon-facebook elementor-repeater-item-e3de4b3\" href=\"https:\/\/www.facebook.com\/p\/Jasaba-hodowla-FCI-Airedale-Sealyham-100060301577848\/\" target=\"_blank\">\n\t\t\t\t\t\t<span class=\"elementor-screen-only\">Facebook<\/span>\n\t\t\t\t\t\t<svg aria-hidden=\"true\" class=\"e-font-icon-svg e-fab-facebook\" viewBox=\"0 0 512 512\" xmlns=\"http:\/\/www.w3.org\/2000\/svg\"><path d=\"M504 256C504 119 393 8 256 8S8 119 8 256c0 123.78 90.69 226.38 209.25 245V327.69h-63V256h63v-54.64c0-62.15 37-96.48 93.67-96.48 27.14 0 55.52 4.84 55.52 4.84v61h-31.28c-30.8 0-40.41 19.12-40.41 38.73V256h68.78l-11 71.69h-57.78V501C413.31 482.38 504 379.78 504 256z\"><\/path><\/svg>\t\t\t\t\t<\/a>\n\t\t\t\t<\/span>\n\t\t\t\t\t<\/div>\n\t\t\t\t\t\t<\/div>\n\t\t\t\t\t<\/div>\n\t\t\t\t<\/div>\n\t\t<div class=\"elementor-element elementor-element-4dacfdf e-flex e-con-boxed e-con e-parent\" data-id=\"4dacfdf\" data-element_type=\"container\" data-e-type=\"container\" data-settings=\"{&quot;background_background&quot;:&quot;classic&quot;}\">\n\t\t\t\t\t<div class=\"e-con-inner\">\n\t\t\t\t<div class=\"elementor-element elementor-element-4f07715 elementor-widget elementor-widget-text-editor\" data-id=\"4f07715\" data-element_type=\"widget\" data-e-type=\"widget\" data-widget_type=\"text-editor.default\">\n\t\t\t\t\t\t\t\t\t<p><a href=\"https:\/\/jasaba.pl\/?page_id=510\">Ochrona danych osobowych<\/a><\/p>\t\t\t\t\t\t\t\t<\/div>\n\t\t\t\t<div class=\"elementor-element elementor-element-adec5ce elementor-widget elementor-widget-text-editor\" data-id=\"adec5ce\" data-element_type=\"widget\" data-e-type=\"widget\" data-widget_type=\"text-editor.default\">\n\t\t\t\t\t\t\t\t\t<p><a href=\"https:\/\/jasaba.pl\/?page_id=512\">Zasady rezerwacji i zakupu psa<\/a><\/p>\t\t\t\t\t\t\t\t<\/div>\n\t\t\t\t\t<\/div>\n\t\t\t\t<\/div>\n\t\t\t\t<\/div>\n\t\t","protected":false},"excerpt":{"rendered":"<p>Hodowla Jasaba FCI Zapraszamy do poznania naszej pasji do ps\u00f3w rasy airedale i sealyham terrier! O NAS Hodowla Jasaba FCI to ma\u0142a, rodzinna hodowla airedale i sealyham terrier\u00f3w, po\u0142o\u017cona w Gda\u0144sku. Dzi\u0119ki g\u0142\u0119bokiej pasji do tych ras i d\u0105\u017ceniu do doskona\u0142o\u015bci, z dum\u0105 wychowujemy nasze airedale terriery w ciep\u0142ym, pe\u0142nym mi\u0142o\u015bci \u015brodowisku, kt\u00f3re sprawia, \u017ce [&hellip;]<\/p>\n","protected":false},"author":1,"featured_media":0,"parent":0,"menu_order":0,"comment_status":"closed","ping_status":"closed","template":"","meta":{"footnotes":""},"class_list":["post-63","page","type-page","status-publish","hentry"],"_links":{"self":[{"href":"https:\/\/jasaba.pl\/index.php?rest_route=\/wp\/v2\/pages\/63","targetHints":{"allow":["GET"]}}],"collection":[{"href":"https:\/\/jasaba.pl\/index.php?rest_route=\/wp\/v2\/pages"}],"about":[{"href":"https:\/\/jasaba.pl\/index.php?rest_route=\/wp\/v2\/types\/page"}],"author":[{"embeddable":true,"href":"https:\/\/jasaba.pl\/index.php?rest_route=\/wp\/v2\/users\/1"}],"replies":[{"embeddable":true,"href":"https:\/\/jasaba.pl\/index.php?rest_route=%2Fwp%2Fv2%2Fcomments&post=63"}],"version-history":[{"count":154,"href":"https:\/\/jasaba.pl\/index.php?rest_route=\/wp\/v2\/pages\/63\/revisions"}],"predecessor-version":[{"id":559,"href":"https:\/\/jasaba.pl\/index.php?rest_route=\/wp\/v2\/pages\/63\/revisions\/559"}],"wp:attachment":[{"href":"https:\/\/jasaba.pl\/index.php?rest_route=%2Fwp%2Fv2%2Fmedia&parent=63"}],"curies":[{"name":"wp","href":"https:\/\/api.w.org\/{rel}","templated":true}]}}