{"id":94,"date":"2026-03-17T15:20:47","date_gmt":"2026-03-17T14:20:47","guid":{"rendered":"https:\/\/jasaba.pl\/?page_id=94"},"modified":"2026-03-26T13:08:22","modified_gmt":"2026-03-26T12:08:22","slug":"o-rasie-airedale-terrier","status":"publish","type":"page","link":"https:\/\/jasaba.pl\/?page_id=94","title":{"rendered":"Airedale Terrier"},"content":{"rendered":"\t\t<div data-elementor-type=\"wp-page\" data-elementor-id=\"94\" class=\"elementor elementor-94\">\n\t\t\t\t<div class=\"elementor-element elementor-element-e45493a e-con-full e-flex e-con e-parent\" data-id=\"e45493a\" data-element_type=\"container\" data-e-type=\"container\" data-settings=\"{&quot;background_background&quot;:&quot;classic&quot;}\">\n\t\t\t\t<div class=\"elementor-element elementor-element-38ff7ba elementor-widget elementor-widget-heading\" data-id=\"38ff7ba\" data-element_type=\"widget\" data-e-type=\"widget\" data-widget_type=\"heading.default\">\n\t\t\t\t\t<h3 class=\"elementor-heading-title elementor-size-default\">Strona w budowie<\/h3>\t\t\t\t<\/div>\n\t\t\t\t<div class=\"elementor-element elementor-element-67587f5 elementor-widget elementor-widget-text-editor\" data-id=\"67587f5\" data-element_type=\"widget\" data-e-type=\"widget\" data-widget_type=\"text-editor.default\">\n\t\t\t\t\t\t\t\t\t<div class=\"cm-line\">Ta strona jest obecnie w przygotowaniu.<\/div><div class=\"cm-activeLine cm-line\">Zapraszamy wkr\u00f3tce.<\/div>\t\t\t\t\t\t\t\t<\/div>\n\t\t\t\t<div class=\"elementor-element elementor-element-bc1a314 elementor-align-center elementor-widget elementor-widget-button\" data-id=\"bc1a314\" data-element_type=\"widget\" data-e-type=\"widget\" data-widget_type=\"button.default\">\n\t\t\t\t\t\t\t\t\t\t<a class=\"elementor-button elementor-button-link elementor-size-sm\" href=\"\/\">\n\t\t\t\t\t\t<span class=\"elementor-button-content-wrapper\">\n\t\t\t\t\t\t\t\t\t<span class=\"elementor-button-text\">Powr\u00f3t do strony g\u0142\u00f3wnej<\/span>\n\t\t\t\t\t<\/span>\n\t\t\t\t\t<\/a>\n\t\t\t\t\t\t\t\t<\/div>\n\t\t\t\t<\/div>\n\t\t<div class=\"elementor-element elementor-element-8248501 e-flex e-con-boxed e-con e-parent\" data-id=\"8248501\" data-element_type=\"container\" data-e-type=\"container\">\n\t\t\t\t\t<div class=\"e-con-inner\">\n\t\t\t\t\t<\/div>\n\t\t\t\t<\/div>\n\t\t\t\t<\/div>\n\t\t","protected":false},"excerpt":{"rendered":"<p>Strona w budowie Ta strona jest obecnie w przygotowaniu.Zapraszamy wkr\u00f3tce. Powr\u00f3t do strony g\u0142\u00f3wnej<\/p>\n","protected":false},"author":1,"featured_media":0,"parent":0,"menu_order":0,"comment_status":"closed","ping_status":"closed","template":"","meta":{"footnotes":""},"class_list":["post-94","page","type-page","status-publish","hentry"],"_links":{"self":[{"href":"https:\/\/jasaba.pl\/index.php?rest_route=\/wp\/v2\/pages\/94","targetHints":{"allow":["GET"]}}],"collection":[{"href":"https:\/\/jasaba.pl\/index.php?rest_route=\/wp\/v2\/pages"}],"about":[{"href":"https:\/\/jasaba.pl\/index.php?rest_route=\/wp\/v2\/types\/page"}],"author":[{"embeddable":true,"href":"https:\/\/jasaba.pl\/index.php?rest_route=\/wp\/v2\/users\/1"}],"replies":[{"embeddable":true,"href":"https:\/\/jasaba.pl\/index.php?rest_route=%2Fwp%2Fv2%2Fcomments&post=94"}],"version-history":[{"count":17,"href":"https:\/\/jasaba.pl\/index.php?rest_route=\/wp\/v2\/pages\/94\/revisions"}],"predecessor-version":[{"id":474,"href":"https:\/\/jasaba.pl\/index.php?rest_route=\/wp\/v2\/pages\/94\/revisions\/474"}],"wp:attachment":[{"href":"https:\/\/jasaba.pl\/index.php?rest_route=%2Fwp%2Fv2%2Fmedia&parent=94"}],"curies":[{"name":"wp","href":"https:\/\/api.w.org\/{rel}","templated":true}]}}